{"id":2,"date":"2020-11-28T15:43:35","date_gmt":"2020-11-28T14:43:35","guid":{"rendered":"http:\/\/fillmoreevasion.be\/?page_id=2"},"modified":"2023-03-27T14:45:43","modified_gmt":"2023-03-27T12:45:43","slug":"page-d-exemple","status":"publish","type":"page","link":"https:\/\/fillmoreevasion.be\/?page_id=2","title":{"rendered":"Le camping-car"},"content":{"rendered":"\n<p>Il s&#8217;agit d&#8217;un fourgon am\u00e9nag\u00e9 de 4 places homologu\u00e9es route et 4 couchages. <br>Avec une longueur de 5,99 m et une largeur de 2,00m, Fillmore est tr\u00e8s maniable. Il garde une grande habitabilit\u00e9 gr\u00e2ce \u00e0 son toit relevable qui abrite un second lit double. Pr\u00e9cisons qu&#8217;il n&#8217;est pas n\u00e9cessaire de relever le toit pour se tenir debout dans le fourgon. Le toit relevable ne sert que de chambre suppl\u00e9mentaire.<\/p>\n\n\n\n<p>Fillmore est bas\u00e9 sur un porteur Citroen Jumper 2,2l blue HDI 140ch boite manuelle 6 vitesses datant de 2022 et ayant 3500km au compteur. Vous louez un camping car neuf. Il est \u00e9quip\u00e9 de tout le confort moderne :<br>\u2022 Climatisation manuelle de cabine<br>\u2022 Airbag passager<br>\u2022 R\u00e9gulateur + limiteur de vitesse<br>\u2022 Cam\u00e9ra de recul<br>\u2022 Autoradio double din apple car play et android auto<\/p>\n\n\n\n<p>En plus, nous y avons ajout\u00e9 1 batterie cellule lithium 210A coupl\u00e9e \u00e0 1 panneau photovolta\u00efque et un booster de charge pour assurer une autonomie \u00e9lectrique en toutes circonstances. A cela s&#8217;ajoute un convertisseur 12\/220V de 2000W permettant de faire fonctionner vos appareils \u00e9lectriques en toutes circonstances.<\/p>\n\n\n\n<p>L&#8217;implantation int\u00e9rieure est optimis\u00e9e et pr\u00e9sente de nombreux rangements astucieux.<br>A l&#8217;arri\u00e8re, vous trouvez un confortable lit double (150*190) surmontant une soute spacieuse. Le toit relevable abrite un second lit double de 130*200. <br>Le salon se compose d&#8217;une table avec allonge et de 4 si\u00e8ges + un tabouret. La cuisine b\u00e9n\u00e9ficie d&#8217;un \u00e9vier et de 2 becs \u00e0 gaz.<br>La salle de bain est tr\u00e8s spacieuse gr\u00e2ce \u00e0 son implantation centrale qui se transforme en douche \u00e0 l&#8217;aide d&#8217;une paroi rigide enroulante. En plus de la douche, vous y trouverez un lavabo, les WC et encore des armoires de rangement.<\/p>\n\n\n\n<div class=\"wp-block-image\"><figure class=\"aligncenter size-large\"><img loading=\"lazy\" width=\"1024\" height=\"447\" src=\"http:\/\/fillmoreevasion.be\/wp-content\/uploads\/2022\/12\/Plan-possl-1024x447.png\" alt=\"\" class=\"wp-image-777\" srcset=\"https:\/\/fillmoreevasion.be\/wp-content\/uploads\/2022\/12\/Plan-possl-1024x447.png 1024w, https:\/\/fillmoreevasion.be\/wp-content\/uploads\/2022\/12\/Plan-possl-300x131.png 300w, https:\/\/fillmoreevasion.be\/wp-content\/uploads\/2022\/12\/Plan-possl-768x335.png 768w, https:\/\/fillmoreevasion.be\/wp-content\/uploads\/2022\/12\/Plan-possl.png 1157w\" sizes=\"(max-width: 1024px) 100vw, 1024px\" \/><\/figure><\/div>\n\n\n\n<p> <\/p>\n\n\n\n<figure class=\"wp-block-embed aligncenter is-type-video is-provider-youtube wp-block-embed-youtube wp-embed-aspect-16-9 wp-has-aspect-ratio\"><div class=\"wp-block-embed__wrapper\">\n<iframe title=\"POSSL 2WIN RS PLUS camper van 2022\" width=\"500\" height=\"281\" src=\"https:\/\/www.youtube.com\/embed\/gxP0VGIdD0k?feature=oembed\" frameborder=\"0\" allow=\"accelerometer; autoplay; clipboard-write; encrypted-media; gyroscope; picture-in-picture; web-share\" allowfullscreen><\/iframe>\n<\/div><figcaption>L&#8217;implantation du fourgon dans la vid\u00e9o est la m\u00eame mais Fillmore b\u00e9n\u00e9ficie d&#8217;une meilleure finition.<\/figcaption><\/figure>\n\n\n\n<figure class=\"wp-block-gallery columns-3 is-cropped\"><ul class=\"blocks-gallery-grid\"><li class=\"blocks-gallery-item\"><figure><img loading=\"lazy\" width=\"1024\" height=\"768\" src=\"http:\/\/fillmoreevasion.be\/wp-content\/uploads\/2022\/12\/Gorges-tarn-1024x768.jpg\" alt=\"\" data-id=\"793\" data-link=\"http:\/\/fillmoreevasion.be\/?attachment_id=793\" class=\"wp-image-793\" srcset=\"https:\/\/fillmoreevasion.be\/wp-content\/uploads\/2022\/12\/Gorges-tarn-1024x768.jpg 1024w, https:\/\/fillmoreevasion.be\/wp-content\/uploads\/2022\/12\/Gorges-tarn-300x225.jpg 300w, https:\/\/fillmoreevasion.be\/wp-content\/uploads\/2022\/12\/Gorges-tarn-768x576.jpg 768w, https:\/\/fillmoreevasion.be\/wp-content\/uploads\/2022\/12\/Gorges-tarn-1536x1152.jpg 1536w, https:\/\/fillmoreevasion.be\/wp-content\/uploads\/2022\/12\/Gorges-tarn-2048x1536.jpg 2048w\" sizes=\"(max-width: 1024px) 100vw, 1024px\" \/><\/figure><\/li><li class=\"blocks-gallery-item\"><figure><img loading=\"lazy\" width=\"1024\" height=\"768\" src=\"http:\/\/fillmoreevasion.be\/wp-content\/uploads\/2022\/12\/Profil-1024x768.jpg\" alt=\"\" data-id=\"785\" data-link=\"http:\/\/fillmoreevasion.be\/?attachment_id=785\" class=\"wp-image-785\" srcset=\"https:\/\/fillmoreevasion.be\/wp-content\/uploads\/2022\/12\/Profil-1024x768.jpg 1024w, https:\/\/fillmoreevasion.be\/wp-content\/uploads\/2022\/12\/Profil-300x225.jpg 300w, https:\/\/fillmoreevasion.be\/wp-content\/uploads\/2022\/12\/Profil-768x576.jpg 768w, https:\/\/fillmoreevasion.be\/wp-content\/uploads\/2022\/12\/Profil-1536x1152.jpg 1536w, https:\/\/fillmoreevasion.be\/wp-content\/uploads\/2022\/12\/Profil-2048x1536.jpg 2048w\" sizes=\"(max-width: 1024px) 100vw, 1024px\" \/><\/figure><\/li><li class=\"blocks-gallery-item\"><figure><img loading=\"lazy\" width=\"1024\" height=\"768\" src=\"http:\/\/fillmoreevasion.be\/wp-content\/uploads\/2022\/12\/Toit-up-velos-1024x768.jpg\" alt=\"\" data-id=\"791\" data-link=\"http:\/\/fillmoreevasion.be\/?attachment_id=791\" class=\"wp-image-791\" srcset=\"https:\/\/fillmoreevasion.be\/wp-content\/uploads\/2022\/12\/Toit-up-velos-1024x768.jpg 1024w, https:\/\/fillmoreevasion.be\/wp-content\/uploads\/2022\/12\/Toit-up-velos-300x225.jpg 300w, https:\/\/fillmoreevasion.be\/wp-content\/uploads\/2022\/12\/Toit-up-velos-768x576.jpg 768w, https:\/\/fillmoreevasion.be\/wp-content\/uploads\/2022\/12\/Toit-up-velos-1536x1152.jpg 1536w, https:\/\/fillmoreevasion.be\/wp-content\/uploads\/2022\/12\/Toit-up-velos-2048x1536.jpg 2048w\" sizes=\"(max-width: 1024px) 100vw, 1024px\" \/><\/figure><\/li><li class=\"blocks-gallery-item\"><figure><img loading=\"lazy\" width=\"768\" height=\"1024\" src=\"http:\/\/fillmoreevasion.be\/wp-content\/uploads\/2022\/12\/toit-up-face-768x1024.jpg\" alt=\"\" data-id=\"790\" data-link=\"http:\/\/fillmoreevasion.be\/?attachment_id=790\" class=\"wp-image-790\" srcset=\"https:\/\/fillmoreevasion.be\/wp-content\/uploads\/2022\/12\/toit-up-face-768x1024.jpg 768w, https:\/\/fillmoreevasion.be\/wp-content\/uploads\/2022\/12\/toit-up-face-225x300.jpg 225w, https:\/\/fillmoreevasion.be\/wp-content\/uploads\/2022\/12\/toit-up-face-1152x1536.jpg 1152w, https:\/\/fillmoreevasion.be\/wp-content\/uploads\/2022\/12\/toit-up-face-1536x2048.jpg 1536w, https:\/\/fillmoreevasion.be\/wp-content\/uploads\/2022\/12\/toit-up-face-scaled.jpg 1920w\" sizes=\"(max-width: 768px) 100vw, 768px\" \/><\/figure><\/li><li class=\"blocks-gallery-item\"><figure><img loading=\"lazy\" width=\"768\" height=\"1024\" src=\"http:\/\/fillmoreevasion.be\/wp-content\/uploads\/2022\/12\/porte-velo-ouvert-768x1024.jpg\" alt=\"\" data-id=\"784\" data-link=\"http:\/\/fillmoreevasion.be\/?attachment_id=784\" class=\"wp-image-784\" srcset=\"https:\/\/fillmoreevasion.be\/wp-content\/uploads\/2022\/12\/porte-velo-ouvert-768x1024.jpg 768w, https:\/\/fillmoreevasion.be\/wp-content\/uploads\/2022\/12\/porte-velo-ouvert-225x300.jpg 225w, https:\/\/fillmoreevasion.be\/wp-content\/uploads\/2022\/12\/porte-velo-ouvert-1152x1536.jpg 1152w, https:\/\/fillmoreevasion.be\/wp-content\/uploads\/2022\/12\/porte-velo-ouvert-1536x2048.jpg 1536w, https:\/\/fillmoreevasion.be\/wp-content\/uploads\/2022\/12\/porte-velo-ouvert-scaled.jpg 1920w\" sizes=\"(max-width: 768px) 100vw, 768px\" \/><\/figure><\/li><li class=\"blocks-gallery-item\"><figure><img loading=\"lazy\" width=\"1024\" height=\"768\" src=\"http:\/\/fillmoreevasion.be\/wp-content\/uploads\/2022\/12\/porte-velo-ouvert-profil-1024x768.jpg\" alt=\"\" data-id=\"783\" data-link=\"http:\/\/fillmoreevasion.be\/?attachment_id=783\" class=\"wp-image-783\" srcset=\"https:\/\/fillmoreevasion.be\/wp-content\/uploads\/2022\/12\/porte-velo-ouvert-profil-1024x768.jpg 1024w, https:\/\/fillmoreevasion.be\/wp-content\/uploads\/2022\/12\/porte-velo-ouvert-profil-300x225.jpg 300w, https:\/\/fillmoreevasion.be\/wp-content\/uploads\/2022\/12\/porte-velo-ouvert-profil-768x576.jpg 768w, https:\/\/fillmoreevasion.be\/wp-content\/uploads\/2022\/12\/porte-velo-ouvert-profil-1536x1152.jpg 1536w, https:\/\/fillmoreevasion.be\/wp-content\/uploads\/2022\/12\/porte-velo-ouvert-profil-2048x1536.jpg 2048w\" sizes=\"(max-width: 1024px) 100vw, 1024px\" \/><\/figure><\/li><li class=\"blocks-gallery-item\"><figure><img loading=\"lazy\" width=\"768\" height=\"1024\" src=\"http:\/\/fillmoreevasion.be\/wp-content\/uploads\/2022\/12\/soute-768x1024.jpg\" alt=\"\" data-id=\"788\" data-link=\"http:\/\/fillmoreevasion.be\/?attachment_id=788\" class=\"wp-image-788\" srcset=\"https:\/\/fillmoreevasion.be\/wp-content\/uploads\/2022\/12\/soute-768x1024.jpg 768w, https:\/\/fillmoreevasion.be\/wp-content\/uploads\/2022\/12\/soute-225x300.jpg 225w, https:\/\/fillmoreevasion.be\/wp-content\/uploads\/2022\/12\/soute-1152x1536.jpg 1152w, https:\/\/fillmoreevasion.be\/wp-content\/uploads\/2022\/12\/soute-1536x2048.jpg 1536w, https:\/\/fillmoreevasion.be\/wp-content\/uploads\/2022\/12\/soute-scaled.jpg 1920w\" sizes=\"(max-width: 768px) 100vw, 768px\" \/><figcaption class=\"blocks-gallery-item__caption\">soute<\/figcaption><\/figure><\/li><li class=\"blocks-gallery-item\"><figure><img loading=\"lazy\" width=\"1024\" height=\"768\" src=\"http:\/\/fillmoreevasion.be\/wp-content\/uploads\/2023\/03\/Soute-vide-1024x768.jpg\" alt=\"\" data-id=\"854\" data-full-url=\"http:\/\/fillmoreevasion.be\/wp-content\/uploads\/2023\/03\/Soute-vide-scaled.jpg\" data-link=\"http:\/\/fillmoreevasion.be\/?attachment_id=854\" class=\"wp-image-854\" srcset=\"https:\/\/fillmoreevasion.be\/wp-content\/uploads\/2023\/03\/Soute-vide-1024x768.jpg 1024w, https:\/\/fillmoreevasion.be\/wp-content\/uploads\/2023\/03\/Soute-vide-300x225.jpg 300w, https:\/\/fillmoreevasion.be\/wp-content\/uploads\/2023\/03\/Soute-vide-768x576.jpg 768w, https:\/\/fillmoreevasion.be\/wp-content\/uploads\/2023\/03\/Soute-vide-1536x1152.jpg 1536w, https:\/\/fillmoreevasion.be\/wp-content\/uploads\/2023\/03\/Soute-vide-2048x1536.jpg 2048w\" sizes=\"(max-width: 1024px) 100vw, 1024px\" \/><\/figure><\/li><li class=\"blocks-gallery-item\"><figure><img loading=\"lazy\" width=\"800\" height=\"427\" src=\"http:\/\/fillmoreevasion.be\/wp-content\/uploads\/2022\/12\/Lit-2.jpg\" alt=\"\" data-id=\"781\" data-link=\"http:\/\/fillmoreevasion.be\/?attachment_id=781\" class=\"wp-image-781\" srcset=\"https:\/\/fillmoreevasion.be\/wp-content\/uploads\/2022\/12\/Lit-2.jpg 800w, https:\/\/fillmoreevasion.be\/wp-content\/uploads\/2022\/12\/Lit-2-300x160.jpg 300w, https:\/\/fillmoreevasion.be\/wp-content\/uploads\/2022\/12\/Lit-2-768x410.jpg 768w\" sizes=\"(max-width: 800px) 100vw, 800px\" \/><figcaption class=\"blocks-gallery-item__caption\">lit arri\u00e8re<\/figcaption><\/figure><\/li><li class=\"blocks-gallery-item\"><figure><img loading=\"lazy\" width=\"1024\" height=\"670\" src=\"http:\/\/fillmoreevasion.be\/wp-content\/uploads\/2023\/03\/Lit-1024x670.jpg\" alt=\"\" data-id=\"840\" data-link=\"http:\/\/fillmoreevasion.be\/?attachment_id=840\" class=\"wp-image-840\" srcset=\"https:\/\/fillmoreevasion.be\/wp-content\/uploads\/2023\/03\/Lit-1024x670.jpg 1024w, https:\/\/fillmoreevasion.be\/wp-content\/uploads\/2023\/03\/Lit-300x196.jpg 300w, https:\/\/fillmoreevasion.be\/wp-content\/uploads\/2023\/03\/Lit-768x503.jpg 768w, https:\/\/fillmoreevasion.be\/wp-content\/uploads\/2023\/03\/Lit.jpg 1280w\" sizes=\"(max-width: 1024px) 100vw, 1024px\" \/><\/figure><\/li><li class=\"blocks-gallery-item\"><figure><img loading=\"lazy\" width=\"1024\" height=\"683\" src=\"http:\/\/fillmoreevasion.be\/wp-content\/uploads\/2022\/12\/Salon-1024x683.jpg\" alt=\"\" data-id=\"786\" data-link=\"http:\/\/fillmoreevasion.be\/?attachment_id=786\" class=\"wp-image-786\" srcset=\"https:\/\/fillmoreevasion.be\/wp-content\/uploads\/2022\/12\/Salon-1024x683.jpg 1024w, https:\/\/fillmoreevasion.be\/wp-content\/uploads\/2022\/12\/Salon-300x200.jpg 300w, https:\/\/fillmoreevasion.be\/wp-content\/uploads\/2022\/12\/Salon-768x512.jpg 768w, https:\/\/fillmoreevasion.be\/wp-content\/uploads\/2022\/12\/Salon.jpg 1280w\" sizes=\"(max-width: 1024px) 100vw, 1024px\" \/><figcaption class=\"blocks-gallery-item__caption\">salon<\/figcaption><\/figure><\/li><li class=\"blocks-gallery-item\"><figure><img loading=\"lazy\" width=\"683\" height=\"1024\" src=\"http:\/\/fillmoreevasion.be\/wp-content\/uploads\/2022\/12\/SDB-683x1024.jpg\" alt=\"\" data-id=\"787\" data-link=\"http:\/\/fillmoreevasion.be\/?attachment_id=787\" class=\"wp-image-787\" srcset=\"https:\/\/fillmoreevasion.be\/wp-content\/uploads\/2022\/12\/SDB-683x1024.jpg 683w, https:\/\/fillmoreevasion.be\/wp-content\/uploads\/2022\/12\/SDB-200x300.jpg 200w, https:\/\/fillmoreevasion.be\/wp-content\/uploads\/2022\/12\/SDB-768x1151.jpg 768w, https:\/\/fillmoreevasion.be\/wp-content\/uploads\/2022\/12\/SDB.jpg 854w\" sizes=\"(max-width: 683px) 100vw, 683px\" \/><figcaption class=\"blocks-gallery-item__caption\">salle de bain<\/figcaption><\/figure><\/li><li class=\"blocks-gallery-item\"><figure><img loading=\"lazy\" width=\"1024\" height=\"640\" src=\"http:\/\/fillmoreevasion.be\/wp-content\/uploads\/2022\/12\/Toit-relevable-interieur-1024x640.jpg\" alt=\"\" data-id=\"789\" data-link=\"http:\/\/fillmoreevasion.be\/?attachment_id=789\" class=\"wp-image-789\" srcset=\"https:\/\/fillmoreevasion.be\/wp-content\/uploads\/2022\/12\/Toit-relevable-interieur-1024x640.jpg 1024w, https:\/\/fillmoreevasion.be\/wp-content\/uploads\/2022\/12\/Toit-relevable-interieur-300x188.jpg 300w, https:\/\/fillmoreevasion.be\/wp-content\/uploads\/2022\/12\/Toit-relevable-interieur-768x480.jpg 768w, https:\/\/fillmoreevasion.be\/wp-content\/uploads\/2022\/12\/Toit-relevable-interieur-1536x960.jpg 1536w, https:\/\/fillmoreevasion.be\/wp-content\/uploads\/2022\/12\/Toit-relevable-interieur-2048x1280.jpg 2048w\" sizes=\"(max-width: 1024px) 100vw, 1024px\" \/><figcaption class=\"blocks-gallery-item__caption\">lit toit relevable<\/figcaption><\/figure><\/li><li class=\"blocks-gallery-item\"><figure><img loading=\"lazy\" width=\"709\" height=\"570\" src=\"http:\/\/fillmoreevasion.be\/wp-content\/uploads\/2022\/12\/interieur-global.png\" alt=\"\" data-id=\"795\" data-link=\"http:\/\/fillmoreevasion.be\/?attachment_id=795\" class=\"wp-image-795\" srcset=\"https:\/\/fillmoreevasion.be\/wp-content\/uploads\/2022\/12\/interieur-global.png 709w, https:\/\/fillmoreevasion.be\/wp-content\/uploads\/2022\/12\/interieur-global-300x241.png 300w\" sizes=\"(max-width: 709px) 100vw, 709px\" \/><\/figure><\/li><li class=\"blocks-gallery-item\"><figure><img loading=\"lazy\" width=\"768\" height=\"1024\" src=\"http:\/\/fillmoreevasion.be\/wp-content\/uploads\/2023\/03\/douche-1-768x1024.jpg\" alt=\"\" data-id=\"835\" data-link=\"http:\/\/fillmoreevasion.be\/?attachment_id=835\" class=\"wp-image-835\" srcset=\"https:\/\/fillmoreevasion.be\/wp-content\/uploads\/2023\/03\/douche-1-768x1024.jpg 768w, https:\/\/fillmoreevasion.be\/wp-content\/uploads\/2023\/03\/douche-1-225x300.jpg 225w, https:\/\/fillmoreevasion.be\/wp-content\/uploads\/2023\/03\/douche-1-1152x1536.jpg 1152w, https:\/\/fillmoreevasion.be\/wp-content\/uploads\/2023\/03\/douche-1-1536x2048.jpg 1536w, https:\/\/fillmoreevasion.be\/wp-content\/uploads\/2023\/03\/douche-1-scaled.jpg 1920w\" sizes=\"(max-width: 768px) 100vw, 768px\" \/><figcaption class=\"blocks-gallery-item__caption\">douche<\/figcaption><\/figure><\/li><li class=\"blocks-gallery-item\"><figure><img loading=\"lazy\" width=\"768\" height=\"1024\" src=\"http:\/\/fillmoreevasion.be\/wp-content\/uploads\/2023\/03\/douche-bis-768x1024.jpg\" alt=\"\" data-id=\"836\" data-link=\"http:\/\/fillmoreevasion.be\/?attachment_id=836\" class=\"wp-image-836\" srcset=\"https:\/\/fillmoreevasion.be\/wp-content\/uploads\/2023\/03\/douche-bis-768x1024.jpg 768w, https:\/\/fillmoreevasion.be\/wp-content\/uploads\/2023\/03\/douche-bis-225x300.jpg 225w, https:\/\/fillmoreevasion.be\/wp-content\/uploads\/2023\/03\/douche-bis-1152x1536.jpg 1152w, https:\/\/fillmoreevasion.be\/wp-content\/uploads\/2023\/03\/douche-bis-1536x2048.jpg 1536w, https:\/\/fillmoreevasion.be\/wp-content\/uploads\/2023\/03\/douche-bis-scaled.jpg 1920w\" sizes=\"(max-width: 768px) 100vw, 768px\" \/><\/figure><\/li><li class=\"blocks-gallery-item\"><figure><img loading=\"lazy\" width=\"1024\" height=\"768\" src=\"http:\/\/fillmoreevasion.be\/wp-content\/uploads\/2023\/03\/autoradio-1024x768.jpg\" alt=\"\" data-id=\"837\" data-link=\"http:\/\/fillmoreevasion.be\/?attachment_id=837\" class=\"wp-image-837\" srcset=\"https:\/\/fillmoreevasion.be\/wp-content\/uploads\/2023\/03\/autoradio-1024x768.jpg 1024w, https:\/\/fillmoreevasion.be\/wp-content\/uploads\/2023\/03\/autoradio-300x225.jpg 300w, https:\/\/fillmoreevasion.be\/wp-content\/uploads\/2023\/03\/autoradio-768x576.jpg 768w, https:\/\/fillmoreevasion.be\/wp-content\/uploads\/2023\/03\/autoradio-1536x1152.jpg 1536w, https:\/\/fillmoreevasion.be\/wp-content\/uploads\/2023\/03\/autoradio-2048x1536.jpg 2048w\" sizes=\"(max-width: 1024px) 100vw, 1024px\" \/><\/figure><\/li><li class=\"blocks-gallery-item\"><figure><img loading=\"lazy\" width=\"768\" height=\"1024\" src=\"http:\/\/fillmoreevasion.be\/wp-content\/uploads\/2023\/03\/IMG_20230327_114828-768x1024.jpg\" alt=\"\" data-id=\"838\" data-link=\"http:\/\/fillmoreevasion.be\/?attachment_id=838\" class=\"wp-image-838\" srcset=\"https:\/\/fillmoreevasion.be\/wp-content\/uploads\/2023\/03\/IMG_20230327_114828-768x1024.jpg 768w, https:\/\/fillmoreevasion.be\/wp-content\/uploads\/2023\/03\/IMG_20230327_114828-225x300.jpg 225w, https:\/\/fillmoreevasion.be\/wp-content\/uploads\/2023\/03\/IMG_20230327_114828-1152x1536.jpg 1152w, https:\/\/fillmoreevasion.be\/wp-content\/uploads\/2023\/03\/IMG_20230327_114828-1536x2048.jpg 1536w, https:\/\/fillmoreevasion.be\/wp-content\/uploads\/2023\/03\/IMG_20230327_114828-scaled.jpg 1920w\" sizes=\"(max-width: 768px) 100vw, 768px\" \/><figcaption class=\"blocks-gallery-item__caption\">panneau solaire<\/figcaption><\/figure><\/li><li class=\"blocks-gallery-item\"><figure><img loading=\"lazy\" width=\"1024\" height=\"768\" src=\"http:\/\/fillmoreevasion.be\/wp-content\/uploads\/2023\/03\/rangements-1024x768.jpg\" alt=\"\" data-id=\"839\" data-link=\"http:\/\/fillmoreevasion.be\/?attachment_id=839\" class=\"wp-image-839\" srcset=\"https:\/\/fillmoreevasion.be\/wp-content\/uploads\/2023\/03\/rangements-1024x768.jpg 1024w, https:\/\/fillmoreevasion.be\/wp-content\/uploads\/2023\/03\/rangements-300x225.jpg 300w, https:\/\/fillmoreevasion.be\/wp-content\/uploads\/2023\/03\/rangements-768x576.jpg 768w, https:\/\/fillmoreevasion.be\/wp-content\/uploads\/2023\/03\/rangements-1536x1152.jpg 1536w, https:\/\/fillmoreevasion.be\/wp-content\/uploads\/2023\/03\/rangements-2048x1536.jpg 2048w\" sizes=\"(max-width: 1024px) 100vw, 1024px\" \/><figcaption class=\"blocks-gallery-item__caption\">rangements<\/figcaption><\/figure><\/li><li class=\"blocks-gallery-item\"><figure><img loading=\"lazy\" width=\"1024\" height=\"768\" src=\"http:\/\/fillmoreevasion.be\/wp-content\/uploads\/2022\/12\/Toit-up-1024x768.jpg\" alt=\"\" data-id=\"792\" data-link=\"http:\/\/fillmoreevasion.be\/?attachment_id=792\" class=\"wp-image-792\" srcset=\"https:\/\/fillmoreevasion.be\/wp-content\/uploads\/2022\/12\/Toit-up-1024x768.jpg 1024w, https:\/\/fillmoreevasion.be\/wp-content\/uploads\/2022\/12\/Toit-up-300x225.jpg 300w, https:\/\/fillmoreevasion.be\/wp-content\/uploads\/2022\/12\/Toit-up-768x576.jpg 768w, https:\/\/fillmoreevasion.be\/wp-content\/uploads\/2022\/12\/Toit-up-1536x1152.jpg 1536w, https:\/\/fillmoreevasion.be\/wp-content\/uploads\/2022\/12\/Toit-up-2048x1536.jpg 2048w\" sizes=\"(max-width: 1024px) 100vw, 1024px\" \/><\/figure><\/li><\/ul><\/figure>\n","protected":false},"excerpt":{"rendered":"<p>Il s&#8217;agit d&#8217;un fourgon am\u00e9nag\u00e9 de 4 places homologu\u00e9es route et 4 couchages. Avec une longueur de 5,99 m et une largeur de 2,00m, Fillmore est tr\u00e8s maniable. Il garde une grande habitabilit\u00e9 gr\u00e2ce \u00e0 son toit relevable qui abrite un second lit double. Pr\u00e9cisons qu&#8217;il n&#8217;est pas n\u00e9cessaire de relever le toit pour se [&hellip;]<\/p>\n","protected":false},"author":1,"featured_media":0,"parent":0,"menu_order":1,"comment_status":"closed","ping_status":"closed","template":"","meta":[],"_links":{"self":[{"href":"https:\/\/fillmoreevasion.be\/index.php?rest_route=\/wp\/v2\/pages\/2"}],"collection":[{"href":"https:\/\/fillmoreevasion.be\/index.php?rest_route=\/wp\/v2\/pages"}],"about":[{"href":"https:\/\/fillmoreevasion.be\/index.php?rest_route=\/wp\/v2\/types\/page"}],"author":[{"embeddable":true,"href":"https:\/\/fillmoreevasion.be\/index.php?rest_route=\/wp\/v2\/users\/1"}],"replies":[{"embeddable":true,"href":"https:\/\/fillmoreevasion.be\/index.php?rest_route=%2Fwp%2Fv2%2Fcomments&post=2"}],"version-history":[{"count":28,"href":"https:\/\/fillmoreevasion.be\/index.php?rest_route=\/wp\/v2\/pages\/2\/revisions"}],"predecessor-version":[{"id":855,"href":"https:\/\/fillmoreevasion.be\/index.php?rest_route=\/wp\/v2\/pages\/2\/revisions\/855"}],"wp:attachment":[{"href":"https:\/\/fillmoreevasion.be\/index.php?rest_route=%2Fwp%2Fv2%2Fmedia&parent=2"}],"curies":[{"name":"wp","href":"https:\/\/api.w.org\/{rel}","templated":true}]}}